{"id":55,"date":"2025-03-13T16:41:16","date_gmt":"2025-03-13T16:41:16","guid":{"rendered":"https:\/\/neu.softvalue.de\/?page_id=55"},"modified":"2025-09-22T13:54:58","modified_gmt":"2025-09-22T13:54:58","slug":"softvalue","status":"publish","type":"page","link":"https:\/\/neu.softvalue.de\/index.php\/softvalue\/","title":{"rendered":"SoftValue"},"content":{"rendered":"\n<figure class=\"wp-block-gallery has-nested-images columns-default is-cropped wp-block-gallery-1 is-layout-flex wp-block-gallery-is-layout-flex\">\n<figure class=\"wp-block-image size-full\"><img decoding=\"async\" data-id=\"54\" src=\"https:\/\/neu.softvalue.de\/wp-content\/uploads\/2025\/03\/Logo-Softvalue-3_25.png\" alt=\"\" class=\"wp-image-54\"\/><\/figure>\n<\/figure>\n\n\n\n<p><br><br>SoftValue ist die Dachgesellschaft f\u00fcr innovative Gesch\u00e4ftsbereiche mit klarem Fokus auf hochwertigen Angeboten. Wir verbinden:<\/p>\n\n\n\n<ul class=\"wp-block-list\">\n<li>Kompetenz in Organisationsentwicklung <\/li>\n\n\n\n<li>mit eigenen Unternehmungen im Bereich Premium-Produkte<\/li>\n<\/ul>\n\n\n\n<h2 class=\"wp-block-heading has-text-color has-link-color wp-elements-c37aabf08daf3114551d8f3b305d2d89\" style=\"color:#a0a05f\"><br><strong>Gesch\u00e4ftsbereich: <\/strong><\/h2>\n\n\n\n<h2 class=\"wp-block-heading has-text-color has-link-color wp-elements-4c58ec42c8be16242105510a8e15c503\" style=\"color:#3c5463\">Organisationsentwicklung<br><\/h2>\n\n\n\n<figure class=\"wp-block-image size-full is-resized\"><img loading=\"lazy\" decoding=\"async\" width=\"244\" height=\"242\" src=\"https:\/\/neu.softvalue.de\/wp-content\/uploads\/2025\/03\/Logo-meetsoft.png\" alt=\"\" class=\"wp-image-57\" style=\"width:120px;height:auto\" srcset=\"https:\/\/neu.softvalue.de\/wp-content\/uploads\/2025\/03\/Logo-meetsoft.png 244w, https:\/\/neu.softvalue.de\/wp-content\/uploads\/2025\/03\/Logo-meetsoft-150x150.png 150w\" sizes=\"auto, (max-width: 244px) 100vw, 244px\" \/><\/figure>\n\n\n\n<h2 class=\"wp-block-heading has-text-color has-link-color wp-elements-6ffbdb2264dfd6be52047e7170c3d414\" style=\"color:#bb3e3e\">MeetValue<\/h2>\n\n\n\n<h2 class=\"wp-block-heading has-text-color has-link-color wp-elements-6311ba3e9bcdd81262d935111d41c74e\" style=\"color:#bb3e3e\"><strong>Meetings<br>mit mehr Wert.<\/strong><br><strong>Entwicklung mit Wirkung<\/strong>.<\/h2>\n\n\n\n<h2 class=\"wp-block-heading has-text-color has-link-color wp-elements-d4db2a70d9c8baa3296fd3886e83b848\" style=\"color:#bb3e3e\"><br><br>MeetValue &#8211; Angebot<\/h2>\n\n\n\n<p><strong>Ihr Leitungs-Stil<\/strong><br>MeetValue unterst\u00fctzt F\u00fchrungskr\u00e4fte, ihre Meetings effektiver und zielgerichteter zu gestalten. <br>Ihrem individuellen Leitungs-Stil folgend, werden passende Entwicklungen gemeinsam bearbeitet und erprobt.<br><br><strong>Meetings auf dem n\u00e4chstes Level<\/strong><br>Strukturen und Prozesse pr\u00fcfen, Beteiligung, insbesondere Wertsch\u00f6pfung durch die Gruppe f\u00f6rdern, Beschl\u00fcsse verbessern, Ergebnisse umsetzen und kontrollieren.<br><br><\/p>\n\n\n\n<h2 class=\"wp-block-heading has-text-color has-link-color wp-elements-6244f02f094935b2a22cf7c67a6b95d7\" style=\"color:#bb3e3e\">MeetValue &#8211; Nutzen<\/h2>\n\n\n\n<p><strong>Grunds\u00e4tzliche \u00c4nderung<\/strong><br>Erleben Sie entspanntere Meetings und ein motivierteres Team.<br><br><strong>Geringere Meetingzeiten<\/strong><br>MeetValue tr\u00e4gt auf unterschiedlichen Ebenen zur Strukturverbesserung bei, die Prozesse fokussiert, Ressourcen besser nutzt und Zeitverluste verringert.<br><br><strong>H\u00f6here Qualit\u00e4t <\/strong><br>durch Ihre ver\u00e4nderte Meeting-Durchf\u00fchrung \u2013 f\u00fcr Themenbearbeitung und Ergebnisse<\/p>\n\n\n\n<p><strong>Gezielte Vorbereitungen<\/strong><br>zur aktiven Steuerung von Themen, Diskussion und Wertsch\u00f6pfung.<\/p>\n\n\n\n<div class=\"wp-block-buttons is-layout-flex wp-block-buttons-is-layout-flex\">\n<div class=\"wp-block-button has-custom-width wp-block-button__width-50\" id=\"meetvalue.de\"><a class=\"wp-block-button__link has-white-color has-text-color has-background has-link-color wp-element-button\" href=\"https:\/\/meetvalue.de\/index.php\/meetvalue\/\" style=\"background-color:#eb0000\">zu meetvalue<\/a><\/div>\n\n\n\n<div class=\"wp-block-button has-custom-width wp-block-button__width-50\"><a class=\"wp-block-button__link has-background wp-element-button\" href=\"http:\/\/institut-hao.de\" style=\"background-color:#eb0000\">Jetzt Beratung anfragen<\/a><\/div>\n<\/div>\n\n\n\n<p><\/p>\n\n\n\n<h2 class=\"wp-block-heading has-text-color has-link-color wp-elements-f6bc38e802b2be204d77f9bf6cb1903c\" style=\"color:#a0a05f\"><br><\/h2>\n\n\n\n<p><\/p>\n\n\n\n<h2 class=\"wp-block-heading has-text-color has-link-color wp-elements-adc885acf0da6d594b63ed111acbc3cb\" style=\"color:#a0a05f\">Gesch\u00e4ftsbereich:<\/h2>\n\n\n\n<h2 class=\"wp-block-heading has-text-color has-link-color wp-elements-b0f136aed5e3f1dd2bf987be57a3f15c\" style=\"color:#3f5866\">Unternehmungen<\/h2>\n\n\n\n<figure class=\"wp-block-image size-full is-resized\"><img loading=\"lazy\" decoding=\"async\" width=\"332\" height=\"328\" src=\"https:\/\/neu.softvalue.de\/wp-content\/uploads\/2025\/03\/SoSo-logo-3_25.png\" alt=\"\" class=\"wp-image-58\" style=\"width:98px;height:auto\" srcset=\"https:\/\/neu.softvalue.de\/wp-content\/uploads\/2025\/03\/SoSo-logo-3_25.png 332w, https:\/\/neu.softvalue.de\/wp-content\/uploads\/2025\/03\/SoSo-logo-3_25-300x296.png 300w\" sizes=\"auto, (max-width: 332px) 100vw, 332px\" \/><\/figure>\n\n\n\n<h2 class=\"wp-block-heading\">SoSo &#8211; Lebe Deins<\/h2>\n\n\n\n<p>SoSo liefert Ihnen online Premium-Produkte aus Ost Afrika und Vietnam:<br>100% hochwertig, 100% pflanzlich, 100% regional<\/p>\n\n\n\n<ul class=\"wp-block-list\">\n<li><strong>Specialty-Kaffee<\/strong>&nbsp;f\u00fcr echte Genussmomente<\/li>\n\n\n\n<li><strong>Tropische N\u00fcsse<\/strong>&nbsp;\u2013 knackig, aromatisch, voller Power<\/li>\n\n\n\n<li><strong>Pflanzliche Proteine<\/strong>&nbsp;f\u00fcr deine nat\u00fcrliche St\u00e4rke<\/li>\n<\/ul>\n\n\n\n<p><\/p>\n\n\n\n<p><strong>Lebe, genie\u00dfe, entscheide \u2013 Lebe Deins!<\/strong><\/p>\n\n\n\n<div class=\"wp-block-buttons is-layout-flex wp-block-buttons-is-layout-flex\">\n<div class=\"wp-block-button has-custom-width wp-block-button__width-50\" id=\"meetvalue.de\"><a class=\"wp-block-button__link has-background wp-element-button\" href=\"https:\/\/soso-soso.de\/soso-home-page\" style=\"background-color:#eb0000\">zu SoSo<\/a><\/div>\n\n\n\n<div class=\"wp-block-button has-custom-width wp-block-button__width-50\"><a class=\"wp-block-button__link has-background wp-element-button\" href=\"https:\/\/soso-soso.de\/contact\" style=\"background-color:#eb0000\">Jetzt info anfragen<\/a><\/div>\n<\/div>\n\n\n\n<p><\/p>\n\n\n\n<h2 class=\"wp-block-heading has-text-color has-link-color wp-elements-4c6e3923e7e055b58cd6f1e363d6f89f\" style=\"color:#a0a05f\"><br><br>Gesch\u00e4ftsbereich:<\/h2>\n\n\n\n<h2 class=\"wp-block-heading has-text-color has-link-color wp-elements-054e2075f2a8d46cc5e2f60e95aaca60\" style=\"color:#3f5866\">Kooperationen<\/h2>\n\n\n\n<figure class=\"wp-block-image is-resized\"><img loading=\"lazy\" decoding=\"async\" width=\"123\" height=\"118\" src=\"https:\/\/neu.softvalue.de\/wp-content\/uploads\/2025\/03\/Logo-SoPre.png\" alt=\"\" class=\"wp-image-116\" style=\"width:159px;height:auto\"\/><\/figure>\n\n\n\n<h2 class=\"wp-block-heading has-black-color has-text-color has-link-color wp-elements-9f35a9bc22408fa0e17d24d677808cda\">SoPre<\/h2>\n\n\n\n<p>SoftValue kooperiert mit der SoPre xxxx, Ho Chi Minh Stadt (Saigon), Vietnam zu den Themen:<\/p>\n\n\n\n<ul class=\"wp-block-list\">\n<li>Import\/ Export<\/li>\n\n\n\n<li>Entwicklung<\/li>\n\n\n\n<li>Produktion<\/li>\n\n\n\n<li>Services<br><br><br><\/li>\n<\/ul>\n\n\n\n<p><\/p>\n\n\n\n<figure class=\"wp-block-image\"><img loading=\"lazy\" decoding=\"async\" width=\"226\" height=\"180\" src=\"https:\/\/neu.softvalue.de\/wp-content\/uploads\/2025\/03\/Clintwood-Logo-.png\" alt=\"\" class=\"wp-image-119\"\/><\/figure>\n\n\n\n<h2 class=\"wp-block-heading\">Clintwood General Trading<\/h2>\n\n\n\n<p>SoftValue kooperiert mit der Clintwood, Kampala, Uganda (Ostafrika) zu den Themen:<\/p>\n\n\n\n<ul class=\"wp-block-list\">\n<li>Import \/ Export<\/li>\n\n\n\n<li>Research and Networking<\/li>\n\n\n\n<li>Consulting<br><br><br><br><\/li>\n<\/ul>\n\n\n\n<p><\/p>\n\n\n\n<p><\/p>\n\n\n\n<p><\/p>\n\n\n\n<h2 class=\"wp-block-heading has-text-color has-link-color wp-elements-a1c1bb7d99e250443da79a0b623281d1\" style=\"color:#a0a05f\">\u00dcber<\/h2>\n\n\n\n<h2 class=\"wp-block-heading has-text-color has-link-color wp-elements-d716f40aa71983c84f7af219ed53d754\" style=\"color:#3f5866\">SoftValue<\/h2>\n\n\n\n<p>SoftValue ist mehr als 10 Jahre international t\u00e4tig. Wir legen Wert auf pers\u00f6nlichen Kontakt und bereisen die L\u00e4nder, um die Lieferaten zu besuchen und die Ware auszusuchen.<\/p>\n\n\n\n<figure class=\"wp-block-image size-medium\"><img loading=\"lazy\" decoding=\"async\" width=\"300\" height=\"240\" src=\"https:\/\/neu.softvalue.de\/wp-content\/uploads\/2025\/03\/Bild-Uganda-300x240.png\" alt=\"\" class=\"wp-image-112\" srcset=\"https:\/\/neu.softvalue.de\/wp-content\/uploads\/2025\/03\/Bild-Uganda-300x240.png 300w, https:\/\/neu.softvalue.de\/wp-content\/uploads\/2025\/03\/Bild-Uganda.png 586w\" sizes=\"auto, (max-width: 300px) 100vw, 300px\" \/><\/figure>\n\n\n\n<p>Hier sind wir in Uganda und debatieren \u00fcber Kaffeequalit\u00e4ten. Wir erhalten nat\u00fcrlich direkte Informationen \u00fcber die Produktion und den sich \u00e4ndernden Bedingungen. So sahen wir vor Ort zB neue Fermentierungsentwicklungen, wie k\u00fcrzlich in Vietnam &#8211; mit einigen \u00dcberraschungen: ein fruchtiger, &#8222;durchsichtiger&#8220; Kaffee.<br><br><br><br><\/p>\n\n\n\n<p><\/p>\n\n\n\n<p><\/p>\n\n\n\n<h2 class=\"wp-block-heading\">Kontakt<\/h2>\n\n\n\n<p>kontakt(at)softvalue.de<br><br><\/p>\n\n\n\n<p><\/p>\n\n\n\n<p><\/p>\n\n\n\n<p><\/p>\n\n\n\n<h2 class=\"wp-block-heading\">Impressum<\/h2>\n\n\n\n<p>SoftValue<br>Gesellschaft f\u00fcr Entwicklung<br>und Handel mbH<br>Beethovenstr. 14<br>D &#8211; 22083 Hamburg<br>Tel.\/ phone: 040-4808345<br>www.softvalue.de<\/p>\n\n\n\n<p>Gesch\u00e4ftsf\u00fchrer\/ Managing Director: <br>Holger Vajen<br>Prokura \/ Procuration: <br>Andreas Courmoulis<br><br>Amtsgericht \/ Trade Register:<br>HRB 11 49 40<br>Ust-IdNr. \/ Vat No:<br>DE 27 328 1088<br>EORI Nr. \/ Customs No :<br>DE1601210<br><br>Presserechtlich etc<br>Holger Vajen<br><br><br><\/p>\n\n\n\n<p> <br><\/p>\n","protected":false},"excerpt":{"rendered":"<p>SoftValue ist die Dachgesellschaft f\u00fcr innovative Gesch\u00e4ftsbereiche mit klarem Fokus auf hochwertigen Angeboten. Wir verbinden: Gesch\u00e4ftsbereich: Organisationsentwicklung MeetValue Meetingsmit mehr Wert.Entwicklung mit Wirkung. MeetValue &#8211; Angebot Ihr Leitungs-StilMeetValue unterst\u00fctzt F\u00fchrungskr\u00e4fte, ihre Meetings effektiver und zielgerichteter zu gestalten. Ihrem individuellen Leitungs-Stil folgend, werden passende Entwicklungen gemeinsam bearbeitet und erprobt. Meetings auf [&hellip;]<\/p>\n","protected":false},"author":1,"featured_media":0,"parent":0,"menu_order":0,"comment_status":"closed","ping_status":"closed","template":"","meta":{"footnotes":""},"class_list":["post-55","page","type-page","status-publish","hentry"],"_links":{"self":[{"href":"https:\/\/neu.softvalue.de\/index.php\/wp-json\/wp\/v2\/pages\/55","targetHints":{"allow":["GET"]}}],"collection":[{"href":"https:\/\/neu.softvalue.de\/index.php\/wp-json\/wp\/v2\/pages"}],"about":[{"href":"https:\/\/neu.softvalue.de\/index.php\/wp-json\/wp\/v2\/types\/page"}],"author":[{"embeddable":true,"href":"https:\/\/neu.softvalue.de\/index.php\/wp-json\/wp\/v2\/users\/1"}],"replies":[{"embeddable":true,"href":"https:\/\/neu.softvalue.de\/index.php\/wp-json\/wp\/v2\/comments?post=55"}],"version-history":[{"count":59,"href":"https:\/\/neu.softvalue.de\/index.php\/wp-json\/wp\/v2\/pages\/55\/revisions"}],"predecessor-version":[{"id":164,"href":"https:\/\/neu.softvalue.de\/index.php\/wp-json\/wp\/v2\/pages\/55\/revisions\/164"}],"wp:attachment":[{"href":"https:\/\/neu.softvalue.de\/index.php\/wp-json\/wp\/v2\/media?parent=55"}],"curies":[{"name":"wp","href":"https:\/\/api.w.org\/{rel}","templated":true}]}}